{"id":490,"date":"2024-08-16T14:45:12","date_gmt":"2024-08-16T14:45:12","guid":{"rendered":"https:\/\/www.closdeslandes.fr\/?page_id=490"},"modified":"2024-10-26T14:41:52","modified_gmt":"2024-10-26T14:41:52","slug":"domaine-croc-du-merle-vins-aoc-cheverny-produits-laitiers-fermieres","status":"publish","type":"page","link":"https:\/\/www.closdeslandes.fr\/en\/domaine-croc-du-merle-vins-aoc-cheverny-produits-laitiers-fermieres\/","title":{"rendered":"Domaine du Croc du Merle"},"content":{"rendered":"\n<p>Le <a href=\"https:\/\/www.domaineducrocdumerle.fr\/\">Domaine du Croc du Merle<\/a> se trouve \u00e0 Muides-sur-Loire (38 Rue de la Chaumette), en plein c\u0153ur du Val de Loire. Ce domaine familial, \u00e9tabli depuis 1794, se sp\u00e9cialise dans la production de vins AOC Cheverny et de produits laitiers fermiers au lait cru. Chaque produit incarne le savoir-faire traditionnel, transmis de g\u00e9n\u00e9ration en g\u00e9n\u00e9ration, et l&#8217;engagement pour des m\u00e9thodes artisanales. Le domaine valorise le terroir local en cultivant des c\u00e9pages tels que le Sauvignon et le Pinot Noir pour ses vins, et en utilisant du lait cru de ses propres vaches pour ses fromages et autres produits laitiers. <\/p>\n\n\n\n<p>Les visiteurs peuvent d\u00e9couvrir l\u2019univers du domaine \u00e0 travers des visites guid\u00e9es, qui offrent un aper\u00e7u d\u00e9taill\u00e9 des processus de production. La d\u00e9gustation des vins constitue une exp\u00e9rience incontournable, permettant de savourer des crus authentiques, issus des meilleures parcelles du domaine. Le domaine ne se limite pas aux vins, et propose \u00e9galement des fromages au lait cru, cr\u00e9\u00e9s directement sur place, pour une exp\u00e9rience gustative compl\u00e8te.<\/p>\n\n\n\n<p>Le domaine se distingue par son engagement envers la vente directe, favorisant un contact direct entre producteurs et consommateurs. Sur place ou en ligne, les clients acc\u00e8dent \u00e0 une gamme vari\u00e9e de produits artisanaux, garantis 100% fermiers. Ce mod\u00e8le de distribution assure une qualit\u00e9 optimale tout en soutenant l\u2019\u00e9conomie locale et le d\u00e9veloppement durable.<\/p>\n\n\n\n<p>Avec ses produits d\u2019exception et son ancrage dans le terroir, le Domaine du Croc du Merle attire les amateurs de vins, de fromages et de gastronomie locale. Que ce soit pour une visite, une d\u00e9gustation ou un achat en ligne, le domaine offre une immersion authentique dans la tradition viticole et laiti\u00e8re du Val de Loire.<\/p>\n\n\n\n<p><\/p>\n\n\n\n<p><\/p>\n","protected":false},"excerpt":{"rendered":"<p>Le Domaine du Croc du Merle est un domaine familial situ\u00e9 \u00e0 Muides-sur-Loire, entre la Loire et la Sologne. Depuis 1794, il se consacre \u00e0 la production de vins AOC Cheverny et de produits laitiers fermiers au lait cru. Le domaine propose \u00e9galement des visites p\u00e9dagogiques de la ferme.<\/p>\n","protected":false},"author":1,"featured_media":493,"parent":0,"menu_order":0,"comment_status":"closed","ping_status":"closed","template":"","meta":{"footnotes":""},"folder":[],"class_list":["post-490","page","type-page","status-publish","has-post-thumbnail","hentry"],"yoast_head":"<!-- This site is optimized with the Yoast SEO plugin v25.7 - https:\/\/yoast.com\/wordpress\/plugins\/seo\/ -->\n<title>Domaine du Croc du Merle - Le Clos des Landes<\/title>\n<meta name=\"description\" content=\"Vins AOC CHEVERNY et produits laitiers 100% fermiers. Visite et d\u00e9gustation. Bienvenue \u00e0 la ferme \u00e0 3km du Ch\u00e2teau de Chambord. Boutique des produits locaux au Domaine. Exploitation Familiale.\" \/>\n<meta name=\"robots\" content=\"index, follow, max-snippet:-1, max-image-preview:large, max-video-preview:-1\" \/>\n<link rel=\"canonical\" href=\"https:\/\/www.closdeslandes.fr\/en\/domaine-croc-du-merle-vins-aoc-cheverny-produits-laitiers-fermieres\/\" \/>\n<meta property=\"og:locale\" content=\"en_US\" \/>\n<meta property=\"og:locale:alternate\" content=\"fr_FR\" \/>\n<meta property=\"og:type\" content=\"article\" \/>\n<meta property=\"og:title\" content=\"Domaine du Croc du Merle - Le Clos des Landes\" \/>\n<meta property=\"og:description\" content=\"Vins AOC CHEVERNY et produits laitiers 100% fermiers. Visite et d\u00e9gustation. Bienvenue \u00e0 la ferme \u00e0 3km du Ch\u00e2teau de Chambord. Boutique des produits locaux au Domaine. Exploitation Familiale.\" \/>\n<meta property=\"og:url\" content=\"https:\/\/www.closdeslandes.fr\/en\/domaine-croc-du-merle-vins-aoc-cheverny-produits-laitiers-fermieres\/\" \/>\n<meta property=\"og:site_name\" content=\"Le Clos des Landes\" \/>\n<meta property=\"article:modified_time\" content=\"2024-10-26T14:41:52+00:00\" \/>\n<meta property=\"og:image\" content=\"https:\/\/www.closdeslandes.fr\/wp-content\/uploads\/2024\/08\/crocdumerle.png\" \/>\n\t<meta property=\"og:image:width\" content=\"342\" \/>\n\t<meta property=\"og:image:height\" content=\"225\" \/>\n\t<meta property=\"og:image:type\" content=\"image\/png\" \/>\n<meta name=\"twitter:card\" content=\"summary_large_image\" \/>\n<meta name=\"twitter:label1\" content=\"Est. reading time\" \/>\n\t<meta name=\"twitter:data1\" content=\"2 minutes\" \/>\n<script type=\"application\/ld+json\" class=\"yoast-schema-graph\">{\"@context\":\"https:\/\/schema.org\",\"@graph\":[{\"@type\":\"WebPage\",\"@id\":\"https:\/\/www.closdeslandes.fr\/domaine-croc-du-merle-vins-aoc-cheverny-produits-laitiers-fermieres\/\",\"url\":\"https:\/\/www.closdeslandes.fr\/domaine-croc-du-merle-vins-aoc-cheverny-produits-laitiers-fermieres\/\",\"name\":\"Domaine du Croc du Merle - Le Clos des Landes\",\"isPartOf\":{\"@id\":\"https:\/\/www.closdeslandes.fr\/#website\"},\"primaryImageOfPage\":{\"@id\":\"https:\/\/www.closdeslandes.fr\/domaine-croc-du-merle-vins-aoc-cheverny-produits-laitiers-fermieres\/#primaryimage\"},\"image\":{\"@id\":\"https:\/\/www.closdeslandes.fr\/domaine-croc-du-merle-vins-aoc-cheverny-produits-laitiers-fermieres\/#primaryimage\"},\"thumbnailUrl\":\"https:\/\/www.closdeslandes.fr\/wp-content\/uploads\/2024\/08\/crocdumerle.png\",\"datePublished\":\"2024-08-16T14:45:12+00:00\",\"dateModified\":\"2024-10-26T14:41:52+00:00\",\"description\":\"Vins AOC CHEVERNY et produits laitiers 100% fermiers. Visite et d\u00e9gustation. Bienvenue \u00e0 la ferme \u00e0 3km du Ch\u00e2teau de Chambord. Boutique des produits locaux au Domaine. Exploitation Familiale.\",\"breadcrumb\":{\"@id\":\"https:\/\/www.closdeslandes.fr\/domaine-croc-du-merle-vins-aoc-cheverny-produits-laitiers-fermieres\/#breadcrumb\"},\"inLanguage\":\"en-US\",\"potentialAction\":[{\"@type\":\"ReadAction\",\"target\":[\"https:\/\/www.closdeslandes.fr\/domaine-croc-du-merle-vins-aoc-cheverny-produits-laitiers-fermieres\/\"]}]},{\"@type\":\"ImageObject\",\"inLanguage\":\"en-US\",\"@id\":\"https:\/\/www.closdeslandes.fr\/domaine-croc-du-merle-vins-aoc-cheverny-produits-laitiers-fermieres\/#primaryimage\",\"url\":\"https:\/\/www.closdeslandes.fr\/wp-content\/uploads\/2024\/08\/crocdumerle.png\",\"contentUrl\":\"https:\/\/www.closdeslandes.fr\/wp-content\/uploads\/2024\/08\/crocdumerle.png\",\"width\":342,\"height\":225},{\"@type\":\"BreadcrumbList\",\"@id\":\"https:\/\/www.closdeslandes.fr\/domaine-croc-du-merle-vins-aoc-cheverny-produits-laitiers-fermieres\/#breadcrumb\",\"itemListElement\":[{\"@type\":\"ListItem\",\"position\":1,\"name\":\"Home\",\"item\":\"https:\/\/www.closdeslandes.fr\/\"},{\"@type\":\"ListItem\",\"position\":2,\"name\":\"Domaine du Croc du Merle\"}]},{\"@type\":\"WebSite\",\"@id\":\"https:\/\/www.closdeslandes.fr\/#website\",\"url\":\"https:\/\/www.closdeslandes.fr\/\",\"name\":\"Le Clos des Landes\",\"description\":\"\",\"publisher\":{\"@id\":\"https:\/\/www.closdeslandes.fr\/#organization\"},\"potentialAction\":[{\"@type\":\"SearchAction\",\"target\":{\"@type\":\"EntryPoint\",\"urlTemplate\":\"https:\/\/www.closdeslandes.fr\/?s={search_term_string}\"},\"query-input\":{\"@type\":\"PropertyValueSpecification\",\"valueRequired\":true,\"valueName\":\"search_term_string\"}}],\"inLanguage\":\"en-US\"},{\"@type\":\"Organization\",\"@id\":\"https:\/\/www.closdeslandes.fr\/#organization\",\"name\":\"Le Clos des Landes\",\"url\":\"https:\/\/www.closdeslandes.fr\/\",\"logo\":{\"@type\":\"ImageObject\",\"inLanguage\":\"en-US\",\"@id\":\"https:\/\/www.closdeslandes.fr\/#\/schema\/logo\/image\/\",\"url\":\"https:\/\/www.closdeslandes.fr\/wp-content\/uploads\/2024\/05\/favico.png\",\"contentUrl\":\"https:\/\/www.closdeslandes.fr\/wp-content\/uploads\/2024\/05\/favico.png\",\"width\":512,\"height\":512,\"caption\":\"Le Clos des Landes\"},\"image\":{\"@id\":\"https:\/\/www.closdeslandes.fr\/#\/schema\/logo\/image\/\"}}]}<\/script>\n<!-- \/ Yoast SEO plugin. -->","yoast_head_json":{"title":"Domaine du Croc du Merle - Le Clos des Landes","description":"Vins AOC CHEVERNY et produits laitiers 100% fermiers. Visite et d\u00e9gustation. Bienvenue \u00e0 la ferme \u00e0 3km du Ch\u00e2teau de Chambord. Boutique des produits locaux au Domaine. Exploitation Familiale.","robots":{"index":"index","follow":"follow","max-snippet":"max-snippet:-1","max-image-preview":"max-image-preview:large","max-video-preview":"max-video-preview:-1"},"canonical":"https:\/\/www.closdeslandes.fr\/en\/domaine-croc-du-merle-vins-aoc-cheverny-produits-laitiers-fermieres\/","og_locale":"en_US","og_type":"article","og_title":"Domaine du Croc du Merle - Le Clos des Landes","og_description":"Vins AOC CHEVERNY et produits laitiers 100% fermiers. Visite et d\u00e9gustation. Bienvenue \u00e0 la ferme \u00e0 3km du Ch\u00e2teau de Chambord. Boutique des produits locaux au Domaine. Exploitation Familiale.","og_url":"https:\/\/www.closdeslandes.fr\/en\/domaine-croc-du-merle-vins-aoc-cheverny-produits-laitiers-fermieres\/","og_site_name":"Le Clos des Landes","article_modified_time":"2024-10-26T14:41:52+00:00","og_image":[{"width":342,"height":225,"url":"https:\/\/www.closdeslandes.fr\/wp-content\/uploads\/2024\/08\/crocdumerle.png","type":"image\/png"}],"twitter_card":"summary_large_image","twitter_misc":{"Est. reading time":"2 minutes"},"schema":{"@context":"https:\/\/schema.org","@graph":[{"@type":"WebPage","@id":"https:\/\/www.closdeslandes.fr\/domaine-croc-du-merle-vins-aoc-cheverny-produits-laitiers-fermieres\/","url":"https:\/\/www.closdeslandes.fr\/domaine-croc-du-merle-vins-aoc-cheverny-produits-laitiers-fermieres\/","name":"Domaine du Croc du Merle - Le Clos des Landes","isPartOf":{"@id":"https:\/\/www.closdeslandes.fr\/#website"},"primaryImageOfPage":{"@id":"https:\/\/www.closdeslandes.fr\/domaine-croc-du-merle-vins-aoc-cheverny-produits-laitiers-fermieres\/#primaryimage"},"image":{"@id":"https:\/\/www.closdeslandes.fr\/domaine-croc-du-merle-vins-aoc-cheverny-produits-laitiers-fermieres\/#primaryimage"},"thumbnailUrl":"https:\/\/www.closdeslandes.fr\/wp-content\/uploads\/2024\/08\/crocdumerle.png","datePublished":"2024-08-16T14:45:12+00:00","dateModified":"2024-10-26T14:41:52+00:00","description":"Vins AOC CHEVERNY et produits laitiers 100% fermiers. Visite et d\u00e9gustation. Bienvenue \u00e0 la ferme \u00e0 3km du Ch\u00e2teau de Chambord. Boutique des produits locaux au Domaine. Exploitation Familiale.","breadcrumb":{"@id":"https:\/\/www.closdeslandes.fr\/domaine-croc-du-merle-vins-aoc-cheverny-produits-laitiers-fermieres\/#breadcrumb"},"inLanguage":"en-US","potentialAction":[{"@type":"ReadAction","target":["https:\/\/www.closdeslandes.fr\/domaine-croc-du-merle-vins-aoc-cheverny-produits-laitiers-fermieres\/"]}]},{"@type":"ImageObject","inLanguage":"en-US","@id":"https:\/\/www.closdeslandes.fr\/domaine-croc-du-merle-vins-aoc-cheverny-produits-laitiers-fermieres\/#primaryimage","url":"https:\/\/www.closdeslandes.fr\/wp-content\/uploads\/2024\/08\/crocdumerle.png","contentUrl":"https:\/\/www.closdeslandes.fr\/wp-content\/uploads\/2024\/08\/crocdumerle.png","width":342,"height":225},{"@type":"BreadcrumbList","@id":"https:\/\/www.closdeslandes.fr\/domaine-croc-du-merle-vins-aoc-cheverny-produits-laitiers-fermieres\/#breadcrumb","itemListElement":[{"@type":"ListItem","position":1,"name":"Home","item":"https:\/\/www.closdeslandes.fr\/"},{"@type":"ListItem","position":2,"name":"Domaine du Croc du Merle"}]},{"@type":"WebSite","@id":"https:\/\/www.closdeslandes.fr\/#website","url":"https:\/\/www.closdeslandes.fr\/","name":"Le Clos des Landes","description":"","publisher":{"@id":"https:\/\/www.closdeslandes.fr\/#organization"},"potentialAction":[{"@type":"SearchAction","target":{"@type":"EntryPoint","urlTemplate":"https:\/\/www.closdeslandes.fr\/?s={search_term_string}"},"query-input":{"@type":"PropertyValueSpecification","valueRequired":true,"valueName":"search_term_string"}}],"inLanguage":"en-US"},{"@type":"Organization","@id":"https:\/\/www.closdeslandes.fr\/#organization","name":"Le Clos des Landes","url":"https:\/\/www.closdeslandes.fr\/","logo":{"@type":"ImageObject","inLanguage":"en-US","@id":"https:\/\/www.closdeslandes.fr\/#\/schema\/logo\/image\/","url":"https:\/\/www.closdeslandes.fr\/wp-content\/uploads\/2024\/05\/favico.png","contentUrl":"https:\/\/www.closdeslandes.fr\/wp-content\/uploads\/2024\/05\/favico.png","width":512,"height":512,"caption":"Le Clos des Landes"},"image":{"@id":"https:\/\/www.closdeslandes.fr\/#\/schema\/logo\/image\/"}}]}},"_links":{"self":[{"href":"https:\/\/www.closdeslandes.fr\/en\/wp-json\/wp\/v2\/pages\/490","targetHints":{"allow":["GET"]}}],"collection":[{"href":"https:\/\/www.closdeslandes.fr\/en\/wp-json\/wp\/v2\/pages"}],"about":[{"href":"https:\/\/www.closdeslandes.fr\/en\/wp-json\/wp\/v2\/types\/page"}],"author":[{"embeddable":true,"href":"https:\/\/www.closdeslandes.fr\/en\/wp-json\/wp\/v2\/users\/1"}],"replies":[{"embeddable":true,"href":"https:\/\/www.closdeslandes.fr\/en\/wp-json\/wp\/v2\/comments?post=490"}],"version-history":[{"count":5,"href":"https:\/\/www.closdeslandes.fr\/en\/wp-json\/wp\/v2\/pages\/490\/revisions"}],"predecessor-version":[{"id":512,"href":"https:\/\/www.closdeslandes.fr\/en\/wp-json\/wp\/v2\/pages\/490\/revisions\/512"}],"wp:featuredmedia":[{"embeddable":true,"href":"https:\/\/www.closdeslandes.fr\/en\/wp-json\/wp\/v2\/media\/493"}],"wp:attachment":[{"href":"https:\/\/www.closdeslandes.fr\/en\/wp-json\/wp\/v2\/media?parent=490"}],"wp:term":[{"taxonomy":"folder","embeddable":true,"href":"https:\/\/www.closdeslandes.fr\/en\/wp-json\/wp\/v2\/folder?post=490"}],"curies":[{"name":"wp","href":"https:\/\/api.w.org\/{rel}","templated":true}]}}