{"id":393,"date":"2024-06-02T16:26:04","date_gmt":"2024-06-02T16:26:04","guid":{"rendered":"https:\/\/www.closdeslandes.fr\/?page_id=393"},"modified":"2025-08-30T14:55:16","modified_gmt":"2025-08-30T14:55:16","slug":"tarifs-et-disponibilites-2","status":"publish","type":"page","link":"https:\/\/www.closdeslandes.fr\/en\/tarifs-et-disponibilites-2\/","title":{"rendered":"Tarifs et disponibilit\u00e9s"},"content":{"rendered":"\n<p><\/p>\n\n\n<div class=\"flex flex-grow flex-col max-w-full\">\n<div class=\"min-h-[20px] text-message flex flex-col items-start whitespace-pre-wrap break-words [.text-message+&#038;]:mt-5 juice:w-full juice:items-end overflow-x-auto gap-2\" dir=\"auto\" data-message-author-role=\"assistant\" data-message-id=\"f426dcfb-cc36-4b38-84c6-54b3d1e5b92f\">\n<div class=\"flex w-full flex-col gap-1 juice:empty:hidden juice:first:pt-[3px]\">\n<div class=\"markdown prose w-full break-words dark:prose-invert light\">\n<table>\n<thead>\n<tr>\n<th colspan=\"3\" scope=\"col\">TARIFS 2026<\/th>\n<\/tr>\n<\/thead>\n<tbody>\n<tr>\n<td width=\"207\">\n<div align=\"center\"><b>Vacances de printemps<\/b><\/div>\n<div align=\"center\"><em>Du 04\/04 au 02\/05<\/em><\/div>\n<\/td>\n<td style=\"text-align: center;\" width=\"180\">Location \u00e0 la semaine<\/td>\n<td width=\"217\">\n<div align=\"center\">1200\u20ac<\/div>\n<\/td>\n<\/tr>\n<tr>\n<td width=\"207\">\n<div align=\"center\"><b>Moyenne saison<\/b><\/div>\n<div align=\"center\"><i>Mai (hors ponts), juin, septembre et octobre<\/i><\/div>\n<\/td>\n<td style=\"text-align: center;\" width=\"180\">2 nuit\u00e9es minimum<\/td>\n<td width=\"217\">\n<div align=\"center\">Tarif d\u00e9gressif\u00a0:<\/div>\n<div align=\"center\">\n<p>800\u20ac\/6 ou 7 nuits,\u00a0<\/p>\n<p>750\u20ac\/5 nuits, 700\u20ac\/4 nuits, 650\u20ac\/3 nuits, 600\u20ac \/2 nuits<\/p>\n<\/div>\n<\/td>\n<\/tr>\n<tr>\n<td width=\"207\">\n<div align=\"center\"><b>Pont de l\u2019Ascension<\/b><\/div>\n<\/td>\n<td style=\"text-align: center;\" width=\"180\">4 nuit\u00e9es<\/td>\n<td width=\"217\">\n<div align=\"center\">900\u20ac<\/div>\n<\/td>\n<\/tr>\n<tr>\n<td width=\"207\">\n<div align=\"center\"><b> Pont du 8 mai<\/b><\/div>\n<div align=\"center\"><b>Pont de la Pentec\u00f4te<\/b><\/div>\n<\/td>\n<td style=\"text-align: center;\" width=\"180\">3 nuit\u00e9es<\/td>\n<td width=\"217\">\n<div align=\"center\">800\u20ac<\/div>\n<\/td>\n<\/tr>\n<tr>\n<td width=\"207\">\n<div align=\"center\"><b> D\u00e9but et fin d\u2019\u00e9t\u00e9 <\/b><\/div>\n<div align=\"center\">\n<p><em>Du 27\/06 au 04\/07 et<\/em><\/p>\n<p><em style=\"font-family: inherit; font-size: inherit; font-weight: inherit; color: initial;\">du 29\/08 au 05\/09<\/em><\/p>\n<\/div>\n<\/td>\n<td style=\"text-align: center;\" width=\"180\">Location \u00e0 la semaine<\/td>\n<td width=\"217\">\n<div align=\"center\">1200\u20ac<\/div>\n<\/td>\n<\/tr>\n<tr>\n<td width=\"207\">\n<div align=\"center\"><b>Vacances d\u2019\u00e9t\u00e9<\/b><\/div>\n<div align=\"center\"><em>Du 04\/07 au 29\/08<\/em><\/div>\n<\/td>\n<td style=\"text-align: center;\" width=\"180\">Location \u00e0 la semaine<\/td>\n<td width=\"217\">\n<div align=\"center\">1500\u20ac<\/div>\n<\/td>\n<\/tr>\n<\/tbody>\n<\/table>\n<p><strong>Tous nos tarifs incluent la mise \u00e0 disposition du linge de lit pour les 4 chambres, ainsi que la consommation d\u2019eau et d\u2019\u00e9lectricit\u00e9.<\/strong><\/p>\n<\/div>\n<\/div>\n<\/div>\n<\/div>","protected":false},"excerpt":{"rendered":"<p>TARIFS 2026 Vacances de printemps Du 04\/04 au 02\/05 Location \u00e0 la semaine 1200\u20ac Moyenne saison Mai (hors ponts), juin, septembre et octobre 2 nuit\u00e9es minimum Tarif d\u00e9gressif\u00a0: 800\u20ac\/6 ou 7 nuits,\u00a0 750\u20ac\/5 nuits, 700\u20ac\/4 nuits, 650\u20ac\/3 nuits, 600\u20ac \/2 nuits Pont de l\u2019Ascension 4 nuit\u00e9es 900\u20ac Pont du 8 mai Pont de la Pentec\u00f4te [&hellip;]<\/p>\n","protected":false},"author":1,"featured_media":146,"parent":0,"menu_order":0,"comment_status":"open","ping_status":"closed","template":"","meta":{"footnotes":""},"folder":[],"class_list":["post-393","page","type-page","status-publish","has-post-thumbnail","hentry"],"yoast_head":"<!-- This site is optimized with the Yoast SEO plugin v25.7 - https:\/\/yoast.com\/wordpress\/plugins\/seo\/ -->\n<title>Tarifs et disponibilit\u00e9s<\/title>\n<meta name=\"description\" content=\"D\u00e9couvrez la beaut\u00e9 naturelle et la s\u00e9r\u00e9nit\u00e9 des ext\u00e9rieurs du Clos des Landes. Promenez-vous dans ses jardins verdoyants, laissez-vous charmer par la tranquillit\u00e9 de cet havre de paix .\" \/>\n<meta name=\"robots\" content=\"index, follow, max-snippet:-1, max-image-preview:large, max-video-preview:-1\" \/>\n<link rel=\"canonical\" href=\"https:\/\/www.closdeslandes.fr\/en\/tarifs-et-disponibilites-2\/\" \/>\n<meta property=\"og:locale\" content=\"en_US\" \/>\n<meta property=\"og:locale:alternate\" content=\"fr_FR\" \/>\n<meta property=\"og:type\" content=\"article\" \/>\n<meta property=\"og:title\" content=\"Tarifs et disponibilit\u00e9s\" \/>\n<meta property=\"og:description\" content=\"D\u00e9couvrez la beaut\u00e9 naturelle et la s\u00e9r\u00e9nit\u00e9 des ext\u00e9rieurs du Clos des Landes. Promenez-vous dans ses jardins verdoyants, laissez-vous charmer par la tranquillit\u00e9 de cet havre de paix .\" \/>\n<meta property=\"og:url\" content=\"https:\/\/www.closdeslandes.fr\/en\/tarifs-et-disponibilites-2\/\" \/>\n<meta property=\"og:site_name\" content=\"Le Clos des Landes\" \/>\n<meta property=\"article:modified_time\" content=\"2025-08-30T14:55:16+00:00\" \/>\n<meta property=\"og:image\" content=\"https:\/\/www.closdeslandes.fr\/wp-content\/uploads\/2024\/05\/IMG-20240413-WA0006.jpg\" \/>\n\t<meta property=\"og:image:width\" content=\"2000\" \/>\n\t<meta property=\"og:image:height\" content=\"1125\" \/>\n\t<meta property=\"og:image:type\" content=\"image\/jpeg\" \/>\n<meta name=\"twitter:card\" content=\"summary_large_image\" \/>\n<meta name=\"twitter:label1\" content=\"Est. reading time\" \/>\n\t<meta name=\"twitter:data1\" content=\"1 minute\" \/>\n<script type=\"application\/ld+json\" class=\"yoast-schema-graph\">{\"@context\":\"https:\/\/schema.org\",\"@graph\":[{\"@type\":\"WebPage\",\"@id\":\"https:\/\/www.closdeslandes.fr\/tarifs-et-disponibilites-2\/\",\"url\":\"https:\/\/www.closdeslandes.fr\/tarifs-et-disponibilites-2\/\",\"name\":\"Tarifs et disponibilit\u00e9s\",\"isPartOf\":{\"@id\":\"https:\/\/www.closdeslandes.fr\/#website\"},\"primaryImageOfPage\":{\"@id\":\"https:\/\/www.closdeslandes.fr\/tarifs-et-disponibilites-2\/#primaryimage\"},\"image\":{\"@id\":\"https:\/\/www.closdeslandes.fr\/tarifs-et-disponibilites-2\/#primaryimage\"},\"thumbnailUrl\":\"https:\/\/www.closdeslandes.fr\/wp-content\/uploads\/2024\/05\/IMG-20240413-WA0006.jpg\",\"datePublished\":\"2024-06-02T16:26:04+00:00\",\"dateModified\":\"2025-08-30T14:55:16+00:00\",\"description\":\"D\u00e9couvrez la beaut\u00e9 naturelle et la s\u00e9r\u00e9nit\u00e9 des ext\u00e9rieurs du Clos des Landes. Promenez-vous dans ses jardins verdoyants, laissez-vous charmer par la tranquillit\u00e9 de cet havre de paix .\",\"breadcrumb\":{\"@id\":\"https:\/\/www.closdeslandes.fr\/tarifs-et-disponibilites-2\/#breadcrumb\"},\"inLanguage\":\"en-US\",\"potentialAction\":[{\"@type\":\"ReadAction\",\"target\":[\"https:\/\/www.closdeslandes.fr\/tarifs-et-disponibilites-2\/\"]}]},{\"@type\":\"ImageObject\",\"inLanguage\":\"en-US\",\"@id\":\"https:\/\/www.closdeslandes.fr\/tarifs-et-disponibilites-2\/#primaryimage\",\"url\":\"https:\/\/www.closdeslandes.fr\/wp-content\/uploads\/2024\/05\/IMG-20240413-WA0006.jpg\",\"contentUrl\":\"https:\/\/www.closdeslandes.fr\/wp-content\/uploads\/2024\/05\/IMG-20240413-WA0006.jpg\",\"width\":2000,\"height\":1125},{\"@type\":\"BreadcrumbList\",\"@id\":\"https:\/\/www.closdeslandes.fr\/tarifs-et-disponibilites-2\/#breadcrumb\",\"itemListElement\":[{\"@type\":\"ListItem\",\"position\":1,\"name\":\"Home\",\"item\":\"https:\/\/www.closdeslandes.fr\/\"},{\"@type\":\"ListItem\",\"position\":2,\"name\":\"Tarifs et disponibilit\u00e9s\"}]},{\"@type\":\"WebSite\",\"@id\":\"https:\/\/www.closdeslandes.fr\/#website\",\"url\":\"https:\/\/www.closdeslandes.fr\/\",\"name\":\"Le Clos des Landes\",\"description\":\"\",\"publisher\":{\"@id\":\"https:\/\/www.closdeslandes.fr\/#organization\"},\"potentialAction\":[{\"@type\":\"SearchAction\",\"target\":{\"@type\":\"EntryPoint\",\"urlTemplate\":\"https:\/\/www.closdeslandes.fr\/?s={search_term_string}\"},\"query-input\":{\"@type\":\"PropertyValueSpecification\",\"valueRequired\":true,\"valueName\":\"search_term_string\"}}],\"inLanguage\":\"en-US\"},{\"@type\":\"Organization\",\"@id\":\"https:\/\/www.closdeslandes.fr\/#organization\",\"name\":\"Le Clos des Landes\",\"url\":\"https:\/\/www.closdeslandes.fr\/\",\"logo\":{\"@type\":\"ImageObject\",\"inLanguage\":\"en-US\",\"@id\":\"https:\/\/www.closdeslandes.fr\/#\/schema\/logo\/image\/\",\"url\":\"https:\/\/www.closdeslandes.fr\/wp-content\/uploads\/2024\/05\/favico.png\",\"contentUrl\":\"https:\/\/www.closdeslandes.fr\/wp-content\/uploads\/2024\/05\/favico.png\",\"width\":512,\"height\":512,\"caption\":\"Le Clos des Landes\"},\"image\":{\"@id\":\"https:\/\/www.closdeslandes.fr\/#\/schema\/logo\/image\/\"}}]}<\/script>\n<!-- \/ Yoast SEO plugin. -->","yoast_head_json":{"title":"Tarifs et disponibilit\u00e9s","description":"D\u00e9couvrez la beaut\u00e9 naturelle et la s\u00e9r\u00e9nit\u00e9 des ext\u00e9rieurs du Clos des Landes. Promenez-vous dans ses jardins verdoyants, laissez-vous charmer par la tranquillit\u00e9 de cet havre de paix .","robots":{"index":"index","follow":"follow","max-snippet":"max-snippet:-1","max-image-preview":"max-image-preview:large","max-video-preview":"max-video-preview:-1"},"canonical":"https:\/\/www.closdeslandes.fr\/en\/tarifs-et-disponibilites-2\/","og_locale":"en_US","og_type":"article","og_title":"[:fr]Tarifs et disponibilit\u00e9s[:] - Le Clos des Landes","og_description":"D\u00e9couvrez la beaut\u00e9 naturelle et la s\u00e9r\u00e9nit\u00e9 des ext\u00e9rieurs du Clos des Landes. Promenez-vous dans ses jardins verdoyants, laissez-vous charmer par la tranquillit\u00e9 de cet havre de paix .","og_url":"https:\/\/www.closdeslandes.fr\/en\/tarifs-et-disponibilites-2\/","og_site_name":"Le Clos des Landes","article_modified_time":"2025-08-30T14:55:16+00:00","og_image":[{"width":2000,"height":1125,"url":"https:\/\/www.closdeslandes.fr\/wp-content\/uploads\/2024\/05\/IMG-20240413-WA0006.jpg","type":"image\/jpeg"}],"twitter_card":"summary_large_image","twitter_misc":{"Est. reading time":"1 minute"},"schema":{"@context":"https:\/\/schema.org","@graph":[{"@type":"WebPage","@id":"https:\/\/www.closdeslandes.fr\/tarifs-et-disponibilites-2\/","url":"https:\/\/www.closdeslandes.fr\/tarifs-et-disponibilites-2\/","name":"Tarifs et disponibilit\u00e9s","isPartOf":{"@id":"https:\/\/www.closdeslandes.fr\/#website"},"primaryImageOfPage":{"@id":"https:\/\/www.closdeslandes.fr\/tarifs-et-disponibilites-2\/#primaryimage"},"image":{"@id":"https:\/\/www.closdeslandes.fr\/tarifs-et-disponibilites-2\/#primaryimage"},"thumbnailUrl":"https:\/\/www.closdeslandes.fr\/wp-content\/uploads\/2024\/05\/IMG-20240413-WA0006.jpg","datePublished":"2024-06-02T16:26:04+00:00","dateModified":"2025-08-30T14:55:16+00:00","description":"D\u00e9couvrez la beaut\u00e9 naturelle et la s\u00e9r\u00e9nit\u00e9 des ext\u00e9rieurs du Clos des Landes. Promenez-vous dans ses jardins verdoyants, laissez-vous charmer par la tranquillit\u00e9 de cet havre de paix .","breadcrumb":{"@id":"https:\/\/www.closdeslandes.fr\/tarifs-et-disponibilites-2\/#breadcrumb"},"inLanguage":"en-US","potentialAction":[{"@type":"ReadAction","target":["https:\/\/www.closdeslandes.fr\/tarifs-et-disponibilites-2\/"]}]},{"@type":"ImageObject","inLanguage":"en-US","@id":"https:\/\/www.closdeslandes.fr\/tarifs-et-disponibilites-2\/#primaryimage","url":"https:\/\/www.closdeslandes.fr\/wp-content\/uploads\/2024\/05\/IMG-20240413-WA0006.jpg","contentUrl":"https:\/\/www.closdeslandes.fr\/wp-content\/uploads\/2024\/05\/IMG-20240413-WA0006.jpg","width":2000,"height":1125},{"@type":"BreadcrumbList","@id":"https:\/\/www.closdeslandes.fr\/tarifs-et-disponibilites-2\/#breadcrumb","itemListElement":[{"@type":"ListItem","position":1,"name":"Home","item":"https:\/\/www.closdeslandes.fr\/"},{"@type":"ListItem","position":2,"name":"Tarifs et disponibilit\u00e9s"}]},{"@type":"WebSite","@id":"https:\/\/www.closdeslandes.fr\/#website","url":"https:\/\/www.closdeslandes.fr\/","name":"Le Clos des Landes","description":"","publisher":{"@id":"https:\/\/www.closdeslandes.fr\/#organization"},"potentialAction":[{"@type":"SearchAction","target":{"@type":"EntryPoint","urlTemplate":"https:\/\/www.closdeslandes.fr\/?s={search_term_string}"},"query-input":{"@type":"PropertyValueSpecification","valueRequired":true,"valueName":"search_term_string"}}],"inLanguage":"en-US"},{"@type":"Organization","@id":"https:\/\/www.closdeslandes.fr\/#organization","name":"Le Clos des Landes","url":"https:\/\/www.closdeslandes.fr\/","logo":{"@type":"ImageObject","inLanguage":"en-US","@id":"https:\/\/www.closdeslandes.fr\/#\/schema\/logo\/image\/","url":"https:\/\/www.closdeslandes.fr\/wp-content\/uploads\/2024\/05\/favico.png","contentUrl":"https:\/\/www.closdeslandes.fr\/wp-content\/uploads\/2024\/05\/favico.png","width":512,"height":512,"caption":"Le Clos des Landes"},"image":{"@id":"https:\/\/www.closdeslandes.fr\/#\/schema\/logo\/image\/"}}]}},"_links":{"self":[{"href":"https:\/\/www.closdeslandes.fr\/en\/wp-json\/wp\/v2\/pages\/393","targetHints":{"allow":["GET"]}}],"collection":[{"href":"https:\/\/www.closdeslandes.fr\/en\/wp-json\/wp\/v2\/pages"}],"about":[{"href":"https:\/\/www.closdeslandes.fr\/en\/wp-json\/wp\/v2\/types\/page"}],"author":[{"embeddable":true,"href":"https:\/\/www.closdeslandes.fr\/en\/wp-json\/wp\/v2\/users\/1"}],"replies":[{"embeddable":true,"href":"https:\/\/www.closdeslandes.fr\/en\/wp-json\/wp\/v2\/comments?post=393"}],"version-history":[{"count":11,"href":"https:\/\/www.closdeslandes.fr\/en\/wp-json\/wp\/v2\/pages\/393\/revisions"}],"predecessor-version":[{"id":546,"href":"https:\/\/www.closdeslandes.fr\/en\/wp-json\/wp\/v2\/pages\/393\/revisions\/546"}],"wp:featuredmedia":[{"embeddable":true,"href":"https:\/\/www.closdeslandes.fr\/en\/wp-json\/wp\/v2\/media\/146"}],"wp:attachment":[{"href":"https:\/\/www.closdeslandes.fr\/en\/wp-json\/wp\/v2\/media?parent=393"}],"wp:term":[{"taxonomy":"folder","embeddable":true,"href":"https:\/\/www.closdeslandes.fr\/en\/wp-json\/wp\/v2\/folder?post=393"}],"curies":[{"name":"wp","href":"https:\/\/api.w.org\/{rel}","templated":true}]}}