{"id":269,"date":"2024-06-01T11:34:46","date_gmt":"2024-06-01T11:34:46","guid":{"rendered":"https:\/\/www.closdeslandes.fr\/?page_id=269"},"modified":"2024-06-01T11:34:47","modified_gmt":"2024-06-01T11:34:47","slug":"zoo-de-beauval","status":"publish","type":"page","link":"https:\/\/www.closdeslandes.fr\/en\/zoo-de-beauval\/","title":{"rendered":"Zoo de Beauval"},"content":{"rendered":"\n<p>Le ZooParc de Beauval, plus couramment appel\u00e9 le zoo de Beauval ou, plus simplement, Beauval, est un parc zoologique fran\u00e7ais situ\u00e9 \u00e0 Saint-Aignan dans le d\u00e9partement de Loir-et-Cher, en r\u00e9gion Centre-Val de Loire. Il pr\u00e9sente environ 35 000 animaux sur 44 hectares<\/p>\n","protected":false},"excerpt":{"rendered":"<p>Le ZooParc de Beauval, plus couramment appel\u00e9 le zoo de Beauval ou, plus simplement, Beauval, est un parc zoologique fran\u00e7ais situ\u00e9 \u00e0 Saint-Aignan dans le d\u00e9partement de Loir-et-Cher, en r\u00e9gion Centre-Val de Loire. Il pr\u00e9sente environ 35 000 animaux sur 44 hectares<\/p>\n","protected":false},"author":1,"featured_media":271,"parent":0,"menu_order":0,"comment_status":"closed","ping_status":"closed","template":"","meta":{"footnotes":""},"folder":[],"class_list":["post-269","page","type-page","status-publish","has-post-thumbnail","hentry"],"yoast_head":"<!-- This site is optimized with the Yoast SEO plugin v25.7 - https:\/\/yoast.com\/wordpress\/plugins\/seo\/ -->\n<title>Zoo de Beauval - Le Clos des Landes<\/title>\n<meta name=\"robots\" content=\"index, follow, max-snippet:-1, max-image-preview:large, max-video-preview:-1\" \/>\n<link rel=\"canonical\" href=\"https:\/\/www.closdeslandes.fr\/en\/zoo-de-beauval\/\" \/>\n<meta property=\"og:locale\" content=\"en_US\" \/>\n<meta property=\"og:locale:alternate\" content=\"fr_FR\" \/>\n<meta property=\"og:type\" content=\"article\" \/>\n<meta property=\"og:title\" content=\"Zoo de Beauval - Le Clos des Landes\" \/>\n<meta property=\"og:description\" content=\"Le ZooParc de Beauval, plus couramment appel\u00e9 le zoo de Beauval ou, plus simplement, Beauval, est un parc zoologique fran\u00e7ais situ\u00e9 \u00e0 Saint-Aignan dans le d\u00e9partement de Loir-et-Cher, en r\u00e9gion Centre-Val de Loire. Il pr\u00e9sente environ 35 000 animaux sur 44 hectares\" \/>\n<meta property=\"og:url\" content=\"https:\/\/www.closdeslandes.fr\/en\/zoo-de-beauval\/\" \/>\n<meta property=\"og:site_name\" content=\"Le Clos des Landes\" \/>\n<meta property=\"article:modified_time\" content=\"2024-06-01T11:34:47+00:00\" \/>\n<meta property=\"og:image\" content=\"https:\/\/www.closdeslandes.fr\/wp-content\/uploads\/2024\/06\/Logo_ZooParc_de_Beauval.png\" \/>\n\t<meta property=\"og:image:width\" content=\"1103\" \/>\n\t<meta property=\"og:image:height\" content=\"635\" \/>\n\t<meta property=\"og:image:type\" content=\"image\/png\" \/>\n<meta name=\"twitter:card\" content=\"summary_large_image\" \/>\n<meta name=\"twitter:label1\" content=\"Est. reading time\" \/>\n\t<meta name=\"twitter:data1\" content=\"1 minute\" \/>\n<script type=\"application\/ld+json\" class=\"yoast-schema-graph\">{\"@context\":\"https:\/\/schema.org\",\"@graph\":[{\"@type\":\"WebPage\",\"@id\":\"https:\/\/www.closdeslandes.fr\/zoo-de-beauval\/\",\"url\":\"https:\/\/www.closdeslandes.fr\/zoo-de-beauval\/\",\"name\":\"Zoo de Beauval - Le Clos des Landes\",\"isPartOf\":{\"@id\":\"https:\/\/www.closdeslandes.fr\/#website\"},\"primaryImageOfPage\":{\"@id\":\"https:\/\/www.closdeslandes.fr\/zoo-de-beauval\/#primaryimage\"},\"image\":{\"@id\":\"https:\/\/www.closdeslandes.fr\/zoo-de-beauval\/#primaryimage\"},\"thumbnailUrl\":\"https:\/\/www.closdeslandes.fr\/wp-content\/uploads\/2024\/06\/Logo_ZooParc_de_Beauval.png\",\"datePublished\":\"2024-06-01T11:34:46+00:00\",\"dateModified\":\"2024-06-01T11:34:47+00:00\",\"breadcrumb\":{\"@id\":\"https:\/\/www.closdeslandes.fr\/zoo-de-beauval\/#breadcrumb\"},\"inLanguage\":\"en-US\",\"potentialAction\":[{\"@type\":\"ReadAction\",\"target\":[\"https:\/\/www.closdeslandes.fr\/zoo-de-beauval\/\"]}]},{\"@type\":\"ImageObject\",\"inLanguage\":\"en-US\",\"@id\":\"https:\/\/www.closdeslandes.fr\/zoo-de-beauval\/#primaryimage\",\"url\":\"https:\/\/www.closdeslandes.fr\/wp-content\/uploads\/2024\/06\/Logo_ZooParc_de_Beauval.png\",\"contentUrl\":\"https:\/\/www.closdeslandes.fr\/wp-content\/uploads\/2024\/06\/Logo_ZooParc_de_Beauval.png\",\"width\":1103,\"height\":635},{\"@type\":\"BreadcrumbList\",\"@id\":\"https:\/\/www.closdeslandes.fr\/zoo-de-beauval\/#breadcrumb\",\"itemListElement\":[{\"@type\":\"ListItem\",\"position\":1,\"name\":\"Home\",\"item\":\"https:\/\/www.closdeslandes.fr\/\"},{\"@type\":\"ListItem\",\"position\":2,\"name\":\"Zoo de Beauval\"}]},{\"@type\":\"WebSite\",\"@id\":\"https:\/\/www.closdeslandes.fr\/#website\",\"url\":\"https:\/\/www.closdeslandes.fr\/\",\"name\":\"Le Clos des Landes\",\"description\":\"\",\"publisher\":{\"@id\":\"https:\/\/www.closdeslandes.fr\/#organization\"},\"potentialAction\":[{\"@type\":\"SearchAction\",\"target\":{\"@type\":\"EntryPoint\",\"urlTemplate\":\"https:\/\/www.closdeslandes.fr\/?s={search_term_string}\"},\"query-input\":{\"@type\":\"PropertyValueSpecification\",\"valueRequired\":true,\"valueName\":\"search_term_string\"}}],\"inLanguage\":\"en-US\"},{\"@type\":\"Organization\",\"@id\":\"https:\/\/www.closdeslandes.fr\/#organization\",\"name\":\"Le Clos des Landes\",\"url\":\"https:\/\/www.closdeslandes.fr\/\",\"logo\":{\"@type\":\"ImageObject\",\"inLanguage\":\"en-US\",\"@id\":\"https:\/\/www.closdeslandes.fr\/#\/schema\/logo\/image\/\",\"url\":\"https:\/\/www.closdeslandes.fr\/wp-content\/uploads\/2024\/05\/favico.png\",\"contentUrl\":\"https:\/\/www.closdeslandes.fr\/wp-content\/uploads\/2024\/05\/favico.png\",\"width\":512,\"height\":512,\"caption\":\"Le Clos des Landes\"},\"image\":{\"@id\":\"https:\/\/www.closdeslandes.fr\/#\/schema\/logo\/image\/\"}}]}<\/script>\n<!-- \/ Yoast SEO plugin. -->","yoast_head_json":{"title":"Zoo de Beauval - Le Clos des Landes","robots":{"index":"index","follow":"follow","max-snippet":"max-snippet:-1","max-image-preview":"max-image-preview:large","max-video-preview":"max-video-preview:-1"},"canonical":"https:\/\/www.closdeslandes.fr\/en\/zoo-de-beauval\/","og_locale":"en_US","og_type":"article","og_title":"Zoo de Beauval - Le Clos des Landes","og_description":"Le ZooParc de Beauval, plus couramment appel\u00e9 le zoo de Beauval ou, plus simplement, Beauval, est un parc zoologique fran\u00e7ais situ\u00e9 \u00e0 Saint-Aignan dans le d\u00e9partement de Loir-et-Cher, en r\u00e9gion Centre-Val de Loire. Il pr\u00e9sente environ 35 000 animaux sur 44 hectares","og_url":"https:\/\/www.closdeslandes.fr\/en\/zoo-de-beauval\/","og_site_name":"Le Clos des Landes","article_modified_time":"2024-06-01T11:34:47+00:00","og_image":[{"width":1103,"height":635,"url":"https:\/\/www.closdeslandes.fr\/wp-content\/uploads\/2024\/06\/Logo_ZooParc_de_Beauval.png","type":"image\/png"}],"twitter_card":"summary_large_image","twitter_misc":{"Est. reading time":"1 minute"},"schema":{"@context":"https:\/\/schema.org","@graph":[{"@type":"WebPage","@id":"https:\/\/www.closdeslandes.fr\/zoo-de-beauval\/","url":"https:\/\/www.closdeslandes.fr\/zoo-de-beauval\/","name":"Zoo de Beauval - Le Clos des Landes","isPartOf":{"@id":"https:\/\/www.closdeslandes.fr\/#website"},"primaryImageOfPage":{"@id":"https:\/\/www.closdeslandes.fr\/zoo-de-beauval\/#primaryimage"},"image":{"@id":"https:\/\/www.closdeslandes.fr\/zoo-de-beauval\/#primaryimage"},"thumbnailUrl":"https:\/\/www.closdeslandes.fr\/wp-content\/uploads\/2024\/06\/Logo_ZooParc_de_Beauval.png","datePublished":"2024-06-01T11:34:46+00:00","dateModified":"2024-06-01T11:34:47+00:00","breadcrumb":{"@id":"https:\/\/www.closdeslandes.fr\/zoo-de-beauval\/#breadcrumb"},"inLanguage":"en-US","potentialAction":[{"@type":"ReadAction","target":["https:\/\/www.closdeslandes.fr\/zoo-de-beauval\/"]}]},{"@type":"ImageObject","inLanguage":"en-US","@id":"https:\/\/www.closdeslandes.fr\/zoo-de-beauval\/#primaryimage","url":"https:\/\/www.closdeslandes.fr\/wp-content\/uploads\/2024\/06\/Logo_ZooParc_de_Beauval.png","contentUrl":"https:\/\/www.closdeslandes.fr\/wp-content\/uploads\/2024\/06\/Logo_ZooParc_de_Beauval.png","width":1103,"height":635},{"@type":"BreadcrumbList","@id":"https:\/\/www.closdeslandes.fr\/zoo-de-beauval\/#breadcrumb","itemListElement":[{"@type":"ListItem","position":1,"name":"Home","item":"https:\/\/www.closdeslandes.fr\/"},{"@type":"ListItem","position":2,"name":"Zoo de Beauval"}]},{"@type":"WebSite","@id":"https:\/\/www.closdeslandes.fr\/#website","url":"https:\/\/www.closdeslandes.fr\/","name":"Le Clos des Landes","description":"","publisher":{"@id":"https:\/\/www.closdeslandes.fr\/#organization"},"potentialAction":[{"@type":"SearchAction","target":{"@type":"EntryPoint","urlTemplate":"https:\/\/www.closdeslandes.fr\/?s={search_term_string}"},"query-input":{"@type":"PropertyValueSpecification","valueRequired":true,"valueName":"search_term_string"}}],"inLanguage":"en-US"},{"@type":"Organization","@id":"https:\/\/www.closdeslandes.fr\/#organization","name":"Le Clos des Landes","url":"https:\/\/www.closdeslandes.fr\/","logo":{"@type":"ImageObject","inLanguage":"en-US","@id":"https:\/\/www.closdeslandes.fr\/#\/schema\/logo\/image\/","url":"https:\/\/www.closdeslandes.fr\/wp-content\/uploads\/2024\/05\/favico.png","contentUrl":"https:\/\/www.closdeslandes.fr\/wp-content\/uploads\/2024\/05\/favico.png","width":512,"height":512,"caption":"Le Clos des Landes"},"image":{"@id":"https:\/\/www.closdeslandes.fr\/#\/schema\/logo\/image\/"}}]}},"_links":{"self":[{"href":"https:\/\/www.closdeslandes.fr\/en\/wp-json\/wp\/v2\/pages\/269","targetHints":{"allow":["GET"]}}],"collection":[{"href":"https:\/\/www.closdeslandes.fr\/en\/wp-json\/wp\/v2\/pages"}],"about":[{"href":"https:\/\/www.closdeslandes.fr\/en\/wp-json\/wp\/v2\/types\/page"}],"author":[{"embeddable":true,"href":"https:\/\/www.closdeslandes.fr\/en\/wp-json\/wp\/v2\/users\/1"}],"replies":[{"embeddable":true,"href":"https:\/\/www.closdeslandes.fr\/en\/wp-json\/wp\/v2\/comments?post=269"}],"version-history":[{"count":1,"href":"https:\/\/www.closdeslandes.fr\/en\/wp-json\/wp\/v2\/pages\/269\/revisions"}],"predecessor-version":[{"id":272,"href":"https:\/\/www.closdeslandes.fr\/en\/wp-json\/wp\/v2\/pages\/269\/revisions\/272"}],"wp:featuredmedia":[{"embeddable":true,"href":"https:\/\/www.closdeslandes.fr\/en\/wp-json\/wp\/v2\/media\/271"}],"wp:attachment":[{"href":"https:\/\/www.closdeslandes.fr\/en\/wp-json\/wp\/v2\/media?parent=269"}],"wp:term":[{"taxonomy":"folder","embeddable":true,"href":"https:\/\/www.closdeslandes.fr\/en\/wp-json\/wp\/v2\/folder?post=269"}],"curies":[{"name":"wp","href":"https:\/\/api.w.org\/{rel}","templated":true}]}}