{"id":178,"date":"2024-05-24T21:42:15","date_gmt":"2024-05-24T21:42:15","guid":{"rendered":"https:\/\/www.closdeslandes.fr\/?page_id=178"},"modified":"2024-06-16T15:24:51","modified_gmt":"2024-06-16T15:24:51","slug":"renovation-complete-clos-des-landes","status":"publish","type":"page","link":"https:\/\/www.closdeslandes.fr\/en\/renovation-complete-clos-des-landes\/","title":{"rendered":"Notre histoire"},"content":{"rendered":"<p>Le Clos des Landes est une maison bourgeoise du 19<sup>\u00e8me<\/sup> si\u00e8cle. Rachet\u00e9e en 2022, la maison a fait l\u2019objet d\u2019une r\u00e9novation compl\u00e8te visant \u00e0 conserver son caract\u00e8re historique tout en lui associant des am\u00e9nagements contemporains.<\/p>\n","protected":false},"excerpt":{"rendered":"<p>Le Clos des Landes est une maison bourgeoise du 19\u00e8me si\u00e8cle. Rachet\u00e9e en 2022, la maison a fait l\u2019objet d\u2019une r\u00e9novation compl\u00e8te visant \u00e0 conserver son caract\u00e8re historique tout en lui associant des am\u00e9nagements contemporains.<\/p>\n","protected":false},"author":1,"featured_media":207,"parent":0,"menu_order":0,"comment_status":"open","ping_status":"open","template":"","meta":{"footnotes":""},"folder":[],"class_list":["post-178","page","type-page","status-publish","has-post-thumbnail","hentry"],"yoast_head":"<!-- This site is optimized with the Yoast SEO plugin v25.7 - https:\/\/yoast.com\/wordpress\/plugins\/seo\/ -->\n<title>Notre histoire - Le Clos des Landes<\/title>\n<meta name=\"description\" content=\"D\u00e9couvrez la r\u00e9novation compl\u00e8te du Clos des Landes, alliant charme traditionnel et confort moderne.\" \/>\n<meta name=\"robots\" content=\"index, follow, max-snippet:-1, max-image-preview:large, max-video-preview:-1\" \/>\n<link rel=\"canonical\" href=\"https:\/\/www.closdeslandes.fr\/en\/renovation-complete-clos-des-landes\/\" \/>\n<meta property=\"og:locale\" content=\"en_US\" \/>\n<meta property=\"og:locale:alternate\" content=\"fr_FR\" \/>\n<meta property=\"og:type\" content=\"article\" \/>\n<meta property=\"og:title\" content=\"Notre histoire - Le Clos des Landes\" \/>\n<meta property=\"og:description\" content=\"D\u00e9couvrez la r\u00e9novation compl\u00e8te du Clos des Landes, alliant charme traditionnel et confort moderne.\" \/>\n<meta property=\"og:url\" content=\"https:\/\/www.closdeslandes.fr\/en\/renovation-complete-clos-des-landes\/\" \/>\n<meta property=\"og:site_name\" content=\"Le Clos des Landes\" \/>\n<meta property=\"article:modified_time\" content=\"2024-06-16T15:24:51+00:00\" \/>\n<meta property=\"og:image\" content=\"https:\/\/www.closdeslandes.fr\/wp-content\/uploads\/2024\/05\/IMG_20230813_200518066-scaled.jpg\" \/>\n\t<meta property=\"og:image:width\" content=\"1440\" \/>\n\t<meta property=\"og:image:height\" content=\"2560\" \/>\n\t<meta property=\"og:image:type\" content=\"image\/jpeg\" \/>\n<meta name=\"twitter:card\" content=\"summary_large_image\" \/>\n<meta name=\"twitter:label1\" content=\"Est. reading time\" \/>\n\t<meta name=\"twitter:data1\" content=\"1 minute\" \/>\n<script type=\"application\/ld+json\" class=\"yoast-schema-graph\">{\"@context\":\"https:\/\/schema.org\",\"@graph\":[{\"@type\":\"WebPage\",\"@id\":\"https:\/\/www.closdeslandes.fr\/renovation-complete-clos-des-landes\/\",\"url\":\"https:\/\/www.closdeslandes.fr\/renovation-complete-clos-des-landes\/\",\"name\":\"Notre histoire - Le Clos des Landes\",\"isPartOf\":{\"@id\":\"https:\/\/www.closdeslandes.fr\/#website\"},\"primaryImageOfPage\":{\"@id\":\"https:\/\/www.closdeslandes.fr\/renovation-complete-clos-des-landes\/#primaryimage\"},\"image\":{\"@id\":\"https:\/\/www.closdeslandes.fr\/renovation-complete-clos-des-landes\/#primaryimage\"},\"thumbnailUrl\":\"https:\/\/www.closdeslandes.fr\/wp-content\/uploads\/2024\/05\/IMG_20230813_200518066-scaled.jpg\",\"datePublished\":\"2024-05-24T21:42:15+00:00\",\"dateModified\":\"2024-06-16T15:24:51+00:00\",\"description\":\"D\u00e9couvrez la r\u00e9novation compl\u00e8te du Clos des Landes, alliant charme traditionnel et confort moderne.\",\"breadcrumb\":{\"@id\":\"https:\/\/www.closdeslandes.fr\/renovation-complete-clos-des-landes\/#breadcrumb\"},\"inLanguage\":\"en-US\",\"potentialAction\":[{\"@type\":\"ReadAction\",\"target\":[\"https:\/\/www.closdeslandes.fr\/renovation-complete-clos-des-landes\/\"]}]},{\"@type\":\"ImageObject\",\"inLanguage\":\"en-US\",\"@id\":\"https:\/\/www.closdeslandes.fr\/renovation-complete-clos-des-landes\/#primaryimage\",\"url\":\"https:\/\/www.closdeslandes.fr\/wp-content\/uploads\/2024\/05\/IMG_20230813_200518066-scaled.jpg\",\"contentUrl\":\"https:\/\/www.closdeslandes.fr\/wp-content\/uploads\/2024\/05\/IMG_20230813_200518066-scaled.jpg\",\"width\":1200,\"height\":2133},{\"@type\":\"BreadcrumbList\",\"@id\":\"https:\/\/www.closdeslandes.fr\/renovation-complete-clos-des-landes\/#breadcrumb\",\"itemListElement\":[{\"@type\":\"ListItem\",\"position\":1,\"name\":\"Home\",\"item\":\"https:\/\/www.closdeslandes.fr\/\"},{\"@type\":\"ListItem\",\"position\":2,\"name\":\"Notre histoire\"}]},{\"@type\":\"WebSite\",\"@id\":\"https:\/\/www.closdeslandes.fr\/#website\",\"url\":\"https:\/\/www.closdeslandes.fr\/\",\"name\":\"Le Clos des Landes\",\"description\":\"\",\"publisher\":{\"@id\":\"https:\/\/www.closdeslandes.fr\/#organization\"},\"potentialAction\":[{\"@type\":\"SearchAction\",\"target\":{\"@type\":\"EntryPoint\",\"urlTemplate\":\"https:\/\/www.closdeslandes.fr\/?s={search_term_string}\"},\"query-input\":{\"@type\":\"PropertyValueSpecification\",\"valueRequired\":true,\"valueName\":\"search_term_string\"}}],\"inLanguage\":\"en-US\"},{\"@type\":\"Organization\",\"@id\":\"https:\/\/www.closdeslandes.fr\/#organization\",\"name\":\"Le Clos des Landes\",\"url\":\"https:\/\/www.closdeslandes.fr\/\",\"logo\":{\"@type\":\"ImageObject\",\"inLanguage\":\"en-US\",\"@id\":\"https:\/\/www.closdeslandes.fr\/#\/schema\/logo\/image\/\",\"url\":\"https:\/\/www.closdeslandes.fr\/wp-content\/uploads\/2024\/05\/favico.png\",\"contentUrl\":\"https:\/\/www.closdeslandes.fr\/wp-content\/uploads\/2024\/05\/favico.png\",\"width\":512,\"height\":512,\"caption\":\"Le Clos des Landes\"},\"image\":{\"@id\":\"https:\/\/www.closdeslandes.fr\/#\/schema\/logo\/image\/\"}}]}<\/script>\n<!-- \/ Yoast SEO plugin. -->","yoast_head_json":{"title":"Notre histoire - Le Clos des Landes","description":"D\u00e9couvrez la r\u00e9novation compl\u00e8te du Clos des Landes, alliant charme traditionnel et confort moderne.","robots":{"index":"index","follow":"follow","max-snippet":"max-snippet:-1","max-image-preview":"max-image-preview:large","max-video-preview":"max-video-preview:-1"},"canonical":"https:\/\/www.closdeslandes.fr\/en\/renovation-complete-clos-des-landes\/","og_locale":"en_US","og_type":"article","og_title":"Notre histoire - Le Clos des Landes","og_description":"D\u00e9couvrez la r\u00e9novation compl\u00e8te du Clos des Landes, alliant charme traditionnel et confort moderne.","og_url":"https:\/\/www.closdeslandes.fr\/en\/renovation-complete-clos-des-landes\/","og_site_name":"Le Clos des Landes","article_modified_time":"2024-06-16T15:24:51+00:00","og_image":[{"width":1440,"height":2560,"url":"https:\/\/www.closdeslandes.fr\/wp-content\/uploads\/2024\/05\/IMG_20230813_200518066-scaled.jpg","type":"image\/jpeg"}],"twitter_card":"summary_large_image","twitter_misc":{"Est. reading time":"1 minute"},"schema":{"@context":"https:\/\/schema.org","@graph":[{"@type":"WebPage","@id":"https:\/\/www.closdeslandes.fr\/renovation-complete-clos-des-landes\/","url":"https:\/\/www.closdeslandes.fr\/renovation-complete-clos-des-landes\/","name":"Notre histoire - Le Clos des Landes","isPartOf":{"@id":"https:\/\/www.closdeslandes.fr\/#website"},"primaryImageOfPage":{"@id":"https:\/\/www.closdeslandes.fr\/renovation-complete-clos-des-landes\/#primaryimage"},"image":{"@id":"https:\/\/www.closdeslandes.fr\/renovation-complete-clos-des-landes\/#primaryimage"},"thumbnailUrl":"https:\/\/www.closdeslandes.fr\/wp-content\/uploads\/2024\/05\/IMG_20230813_200518066-scaled.jpg","datePublished":"2024-05-24T21:42:15+00:00","dateModified":"2024-06-16T15:24:51+00:00","description":"D\u00e9couvrez la r\u00e9novation compl\u00e8te du Clos des Landes, alliant charme traditionnel et confort moderne.","breadcrumb":{"@id":"https:\/\/www.closdeslandes.fr\/renovation-complete-clos-des-landes\/#breadcrumb"},"inLanguage":"en-US","potentialAction":[{"@type":"ReadAction","target":["https:\/\/www.closdeslandes.fr\/renovation-complete-clos-des-landes\/"]}]},{"@type":"ImageObject","inLanguage":"en-US","@id":"https:\/\/www.closdeslandes.fr\/renovation-complete-clos-des-landes\/#primaryimage","url":"https:\/\/www.closdeslandes.fr\/wp-content\/uploads\/2024\/05\/IMG_20230813_200518066-scaled.jpg","contentUrl":"https:\/\/www.closdeslandes.fr\/wp-content\/uploads\/2024\/05\/IMG_20230813_200518066-scaled.jpg","width":1200,"height":2133},{"@type":"BreadcrumbList","@id":"https:\/\/www.closdeslandes.fr\/renovation-complete-clos-des-landes\/#breadcrumb","itemListElement":[{"@type":"ListItem","position":1,"name":"Home","item":"https:\/\/www.closdeslandes.fr\/"},{"@type":"ListItem","position":2,"name":"Notre histoire"}]},{"@type":"WebSite","@id":"https:\/\/www.closdeslandes.fr\/#website","url":"https:\/\/www.closdeslandes.fr\/","name":"Le Clos des Landes","description":"","publisher":{"@id":"https:\/\/www.closdeslandes.fr\/#organization"},"potentialAction":[{"@type":"SearchAction","target":{"@type":"EntryPoint","urlTemplate":"https:\/\/www.closdeslandes.fr\/?s={search_term_string}"},"query-input":{"@type":"PropertyValueSpecification","valueRequired":true,"valueName":"search_term_string"}}],"inLanguage":"en-US"},{"@type":"Organization","@id":"https:\/\/www.closdeslandes.fr\/#organization","name":"Le Clos des Landes","url":"https:\/\/www.closdeslandes.fr\/","logo":{"@type":"ImageObject","inLanguage":"en-US","@id":"https:\/\/www.closdeslandes.fr\/#\/schema\/logo\/image\/","url":"https:\/\/www.closdeslandes.fr\/wp-content\/uploads\/2024\/05\/favico.png","contentUrl":"https:\/\/www.closdeslandes.fr\/wp-content\/uploads\/2024\/05\/favico.png","width":512,"height":512,"caption":"Le Clos des Landes"},"image":{"@id":"https:\/\/www.closdeslandes.fr\/#\/schema\/logo\/image\/"}}]}},"_links":{"self":[{"href":"https:\/\/www.closdeslandes.fr\/en\/wp-json\/wp\/v2\/pages\/178","targetHints":{"allow":["GET"]}}],"collection":[{"href":"https:\/\/www.closdeslandes.fr\/en\/wp-json\/wp\/v2\/pages"}],"about":[{"href":"https:\/\/www.closdeslandes.fr\/en\/wp-json\/wp\/v2\/types\/page"}],"author":[{"embeddable":true,"href":"https:\/\/www.closdeslandes.fr\/en\/wp-json\/wp\/v2\/users\/1"}],"replies":[{"embeddable":true,"href":"https:\/\/www.closdeslandes.fr\/en\/wp-json\/wp\/v2\/comments?post=178"}],"version-history":[{"count":5,"href":"https:\/\/www.closdeslandes.fr\/en\/wp-json\/wp\/v2\/pages\/178\/revisions"}],"predecessor-version":[{"id":533,"href":"https:\/\/www.closdeslandes.fr\/en\/wp-json\/wp\/v2\/pages\/178\/revisions\/533"}],"wp:featuredmedia":[{"embeddable":true,"href":"https:\/\/www.closdeslandes.fr\/en\/wp-json\/wp\/v2\/media\/207"}],"wp:attachment":[{"href":"https:\/\/www.closdeslandes.fr\/en\/wp-json\/wp\/v2\/media?parent=178"}],"wp:term":[{"taxonomy":"folder","embeddable":true,"href":"https:\/\/www.closdeslandes.fr\/en\/wp-json\/wp\/v2\/folder?post=178"}],"curies":[{"name":"wp","href":"https:\/\/api.w.org\/{rel}","templated":true}]}}