{"id":167,"date":"2024-05-23T21:46:38","date_gmt":"2024-05-23T21:46:38","guid":{"rendered":"https:\/\/www.closdeslandes.fr\/?page_id=167"},"modified":"2024-07-11T10:21:17","modified_gmt":"2024-07-11T10:21:17","slug":"charmante-maison-francaise-chambord-vacances-terrasse","status":"publish","type":"page","link":"https:\/\/www.closdeslandes.fr\/en\/charmante-maison-francaise-chambord-vacances-terrasse\/","title":{"rendered":"La Maison"},"content":{"rendered":"<div class=\"flex flex-grow flex-col max-w-full\">\n<div class=\"min-h-[20px] text-message flex flex-col items-start whitespace-pre-wrap break-words [.text-message+&amp;]:mt-5 juice:w-full juice:items-end overflow-x-auto gap-2\" dir=\"auto\" data-message-author-role=\"assistant\" data-message-id=\"1c344b75-b267-47db-a9fc-5d5d1e5724ac\">\n<div class=\"flex w-full flex-col gap-1 juice:empty:hidden juice:first:pt-[3px]\">\n<div class=\"markdown prose w-full break-words dark:prose-invert light\">\n<p>Cette maison de caract\u00e8re, \u00e0 proximit\u00e9 imm\u00e9diate de <a href=\"https:\/\/www.chambord.org\/fr\/\">Chambord<\/a>, allie confort moderne et charme rustique. Ses grands volumes, ses poutres en ch\u00eane et sa chemin\u00e9e en pierre de taille lui conf\u00e8rent un cachet unique. Les espaces de vie se pr\u00eatent id\u00e9alement \u00e0 des retrouvailles en famille ou entre amis.<\/p>\n<\/div>\n<\/div>\n<\/div>\n<\/div>\n<div class=\"mt-1 flex gap-3 empty:hidden juice:-ml-3\">\n<div class=\"items-center justify-start rounded-xl p-1 flex\">\n<div class=\"flex items-center\"><\/div>\n<\/div>\n<\/div>\n","protected":false},"excerpt":{"rendered":"<p>Cette maison de caract\u00e8re, \u00e0 proximit\u00e9 imm\u00e9diate de Chambord, allie confort moderne et charme rustique. Ses grands volumes, ses poutres en ch\u00eane et sa chemin\u00e9e en pierre de taille lui conf\u00e8rent un cachet unique. Les espaces de vie se pr\u00eatent id\u00e9alement \u00e0 des retrouvailles en famille ou entre amis.<\/p>\n","protected":false},"author":1,"featured_media":176,"parent":0,"menu_order":0,"comment_status":"open","ping_status":"open","template":"","meta":{"footnotes":""},"folder":[],"class_list":["post-167","page","type-page","status-publish","has-post-thumbnail","hentry"],"yoast_head":"<!-- This site is optimized with the Yoast SEO plugin v25.7 - https:\/\/yoast.com\/wordpress\/plugins\/seo\/ -->\n<title>La Maison - Le Clos des Landes<\/title>\n<meta name=\"description\" content=\"&quot;Location de vacances pr\u00e8s de Chambord avec terrasse, d\u00e9couvrez la maison du Clos des Landes, un havre de paix o\u00f9 modernit\u00e9 et tradition se rencontrent. Plongez dans un cadre \u00e9l\u00e9gant et confortable, id\u00e9al pour des s\u00e9jours inoubliables en famille ou entre amis.\" \/>\n<meta name=\"robots\" content=\"index, follow, max-snippet:-1, max-image-preview:large, max-video-preview:-1\" \/>\n<link rel=\"canonical\" href=\"https:\/\/www.closdeslandes.fr\/en\/charmante-maison-francaise-chambord-vacances-terrasse\/\" \/>\n<meta property=\"og:locale\" content=\"en_US\" \/>\n<meta property=\"og:locale:alternate\" content=\"fr_FR\" \/>\n<meta property=\"og:type\" content=\"article\" \/>\n<meta property=\"og:title\" content=\"La Maison - Le Clos des Landes\" \/>\n<meta property=\"og:description\" content=\"&quot;Location de vacances pr\u00e8s de Chambord avec terrasse, d\u00e9couvrez la maison du Clos des Landes, un havre de paix o\u00f9 modernit\u00e9 et tradition se rencontrent. Plongez dans un cadre \u00e9l\u00e9gant et confortable, id\u00e9al pour des s\u00e9jours inoubliables en famille ou entre amis.\" \/>\n<meta property=\"og:url\" content=\"https:\/\/www.closdeslandes.fr\/en\/charmante-maison-francaise-chambord-vacances-terrasse\/\" \/>\n<meta property=\"og:site_name\" content=\"Le Clos des Landes\" \/>\n<meta property=\"article:modified_time\" content=\"2024-07-11T10:21:17+00:00\" \/>\n<meta property=\"og:image\" content=\"https:\/\/www.closdeslandes.fr\/wp-content\/uploads\/2024\/05\/IMG-20240414-WA0008.jpg\" \/>\n\t<meta property=\"og:image:width\" content=\"2000\" \/>\n\t<meta property=\"og:image:height\" content=\"1125\" \/>\n\t<meta property=\"og:image:type\" content=\"image\/jpeg\" \/>\n<meta name=\"twitter:card\" content=\"summary_large_image\" \/>\n<meta name=\"twitter:label1\" content=\"Est. reading time\" \/>\n\t<meta name=\"twitter:data1\" content=\"1 minute\" \/>\n<script type=\"application\/ld+json\" class=\"yoast-schema-graph\">{\"@context\":\"https:\/\/schema.org\",\"@graph\":[{\"@type\":\"WebPage\",\"@id\":\"https:\/\/www.closdeslandes.fr\/charmante-maison-francaise-chambord-vacances-terrasse\/\",\"url\":\"https:\/\/www.closdeslandes.fr\/charmante-maison-francaise-chambord-vacances-terrasse\/\",\"name\":\"La Maison - Le Clos des Landes\",\"isPartOf\":{\"@id\":\"https:\/\/www.closdeslandes.fr\/#website\"},\"primaryImageOfPage\":{\"@id\":\"https:\/\/www.closdeslandes.fr\/charmante-maison-francaise-chambord-vacances-terrasse\/#primaryimage\"},\"image\":{\"@id\":\"https:\/\/www.closdeslandes.fr\/charmante-maison-francaise-chambord-vacances-terrasse\/#primaryimage\"},\"thumbnailUrl\":\"https:\/\/www.closdeslandes.fr\/wp-content\/uploads\/2024\/05\/IMG-20240414-WA0008.jpg\",\"datePublished\":\"2024-05-23T21:46:38+00:00\",\"dateModified\":\"2024-07-11T10:21:17+00:00\",\"description\":\"\\\"Location de vacances pr\u00e8s de Chambord avec terrasse, d\u00e9couvrez la maison du Clos des Landes, un havre de paix o\u00f9 modernit\u00e9 et tradition se rencontrent. Plongez dans un cadre \u00e9l\u00e9gant et confortable, id\u00e9al pour des s\u00e9jours inoubliables en famille ou entre amis.\",\"breadcrumb\":{\"@id\":\"https:\/\/www.closdeslandes.fr\/charmante-maison-francaise-chambord-vacances-terrasse\/#breadcrumb\"},\"inLanguage\":\"en-US\",\"potentialAction\":[{\"@type\":\"ReadAction\",\"target\":[\"https:\/\/www.closdeslandes.fr\/charmante-maison-francaise-chambord-vacances-terrasse\/\"]}]},{\"@type\":\"ImageObject\",\"inLanguage\":\"en-US\",\"@id\":\"https:\/\/www.closdeslandes.fr\/charmante-maison-francaise-chambord-vacances-terrasse\/#primaryimage\",\"url\":\"https:\/\/www.closdeslandes.fr\/wp-content\/uploads\/2024\/05\/IMG-20240414-WA0008.jpg\",\"contentUrl\":\"https:\/\/www.closdeslandes.fr\/wp-content\/uploads\/2024\/05\/IMG-20240414-WA0008.jpg\",\"width\":2000,\"height\":1125},{\"@type\":\"BreadcrumbList\",\"@id\":\"https:\/\/www.closdeslandes.fr\/charmante-maison-francaise-chambord-vacances-terrasse\/#breadcrumb\",\"itemListElement\":[{\"@type\":\"ListItem\",\"position\":1,\"name\":\"Home\",\"item\":\"https:\/\/www.closdeslandes.fr\/\"},{\"@type\":\"ListItem\",\"position\":2,\"name\":\"La Maison\"}]},{\"@type\":\"WebSite\",\"@id\":\"https:\/\/www.closdeslandes.fr\/#website\",\"url\":\"https:\/\/www.closdeslandes.fr\/\",\"name\":\"Le Clos des Landes\",\"description\":\"\",\"publisher\":{\"@id\":\"https:\/\/www.closdeslandes.fr\/#organization\"},\"potentialAction\":[{\"@type\":\"SearchAction\",\"target\":{\"@type\":\"EntryPoint\",\"urlTemplate\":\"https:\/\/www.closdeslandes.fr\/?s={search_term_string}\"},\"query-input\":{\"@type\":\"PropertyValueSpecification\",\"valueRequired\":true,\"valueName\":\"search_term_string\"}}],\"inLanguage\":\"en-US\"},{\"@type\":\"Organization\",\"@id\":\"https:\/\/www.closdeslandes.fr\/#organization\",\"name\":\"Le Clos des Landes\",\"url\":\"https:\/\/www.closdeslandes.fr\/\",\"logo\":{\"@type\":\"ImageObject\",\"inLanguage\":\"en-US\",\"@id\":\"https:\/\/www.closdeslandes.fr\/#\/schema\/logo\/image\/\",\"url\":\"https:\/\/www.closdeslandes.fr\/wp-content\/uploads\/2024\/05\/favico.png\",\"contentUrl\":\"https:\/\/www.closdeslandes.fr\/wp-content\/uploads\/2024\/05\/favico.png\",\"width\":512,\"height\":512,\"caption\":\"Le Clos des Landes\"},\"image\":{\"@id\":\"https:\/\/www.closdeslandes.fr\/#\/schema\/logo\/image\/\"}}]}<\/script>\n<!-- \/ Yoast SEO plugin. -->","yoast_head_json":{"title":"La Maison - Le Clos des Landes","description":"\"Location de vacances pr\u00e8s de Chambord avec terrasse, d\u00e9couvrez la maison du Clos des Landes, un havre de paix o\u00f9 modernit\u00e9 et tradition se rencontrent. Plongez dans un cadre \u00e9l\u00e9gant et confortable, id\u00e9al pour des s\u00e9jours inoubliables en famille ou entre amis.","robots":{"index":"index","follow":"follow","max-snippet":"max-snippet:-1","max-image-preview":"max-image-preview:large","max-video-preview":"max-video-preview:-1"},"canonical":"https:\/\/www.closdeslandes.fr\/en\/charmante-maison-francaise-chambord-vacances-terrasse\/","og_locale":"en_US","og_type":"article","og_title":"La Maison - Le Clos des Landes","og_description":"\"Location de vacances pr\u00e8s de Chambord avec terrasse, d\u00e9couvrez la maison du Clos des Landes, un havre de paix o\u00f9 modernit\u00e9 et tradition se rencontrent. Plongez dans un cadre \u00e9l\u00e9gant et confortable, id\u00e9al pour des s\u00e9jours inoubliables en famille ou entre amis.","og_url":"https:\/\/www.closdeslandes.fr\/en\/charmante-maison-francaise-chambord-vacances-terrasse\/","og_site_name":"Le Clos des Landes","article_modified_time":"2024-07-11T10:21:17+00:00","og_image":[{"width":2000,"height":1125,"url":"https:\/\/www.closdeslandes.fr\/wp-content\/uploads\/2024\/05\/IMG-20240414-WA0008.jpg","type":"image\/jpeg"}],"twitter_card":"summary_large_image","twitter_misc":{"Est. reading time":"1 minute"},"schema":{"@context":"https:\/\/schema.org","@graph":[{"@type":"WebPage","@id":"https:\/\/www.closdeslandes.fr\/charmante-maison-francaise-chambord-vacances-terrasse\/","url":"https:\/\/www.closdeslandes.fr\/charmante-maison-francaise-chambord-vacances-terrasse\/","name":"La Maison - Le Clos des Landes","isPartOf":{"@id":"https:\/\/www.closdeslandes.fr\/#website"},"primaryImageOfPage":{"@id":"https:\/\/www.closdeslandes.fr\/charmante-maison-francaise-chambord-vacances-terrasse\/#primaryimage"},"image":{"@id":"https:\/\/www.closdeslandes.fr\/charmante-maison-francaise-chambord-vacances-terrasse\/#primaryimage"},"thumbnailUrl":"https:\/\/www.closdeslandes.fr\/wp-content\/uploads\/2024\/05\/IMG-20240414-WA0008.jpg","datePublished":"2024-05-23T21:46:38+00:00","dateModified":"2024-07-11T10:21:17+00:00","description":"\"Location de vacances pr\u00e8s de Chambord avec terrasse, d\u00e9couvrez la maison du Clos des Landes, un havre de paix o\u00f9 modernit\u00e9 et tradition se rencontrent. Plongez dans un cadre \u00e9l\u00e9gant et confortable, id\u00e9al pour des s\u00e9jours inoubliables en famille ou entre amis.","breadcrumb":{"@id":"https:\/\/www.closdeslandes.fr\/charmante-maison-francaise-chambord-vacances-terrasse\/#breadcrumb"},"inLanguage":"en-US","potentialAction":[{"@type":"ReadAction","target":["https:\/\/www.closdeslandes.fr\/charmante-maison-francaise-chambord-vacances-terrasse\/"]}]},{"@type":"ImageObject","inLanguage":"en-US","@id":"https:\/\/www.closdeslandes.fr\/charmante-maison-francaise-chambord-vacances-terrasse\/#primaryimage","url":"https:\/\/www.closdeslandes.fr\/wp-content\/uploads\/2024\/05\/IMG-20240414-WA0008.jpg","contentUrl":"https:\/\/www.closdeslandes.fr\/wp-content\/uploads\/2024\/05\/IMG-20240414-WA0008.jpg","width":2000,"height":1125},{"@type":"BreadcrumbList","@id":"https:\/\/www.closdeslandes.fr\/charmante-maison-francaise-chambord-vacances-terrasse\/#breadcrumb","itemListElement":[{"@type":"ListItem","position":1,"name":"Home","item":"https:\/\/www.closdeslandes.fr\/"},{"@type":"ListItem","position":2,"name":"La Maison"}]},{"@type":"WebSite","@id":"https:\/\/www.closdeslandes.fr\/#website","url":"https:\/\/www.closdeslandes.fr\/","name":"Le Clos des Landes","description":"","publisher":{"@id":"https:\/\/www.closdeslandes.fr\/#organization"},"potentialAction":[{"@type":"SearchAction","target":{"@type":"EntryPoint","urlTemplate":"https:\/\/www.closdeslandes.fr\/?s={search_term_string}"},"query-input":{"@type":"PropertyValueSpecification","valueRequired":true,"valueName":"search_term_string"}}],"inLanguage":"en-US"},{"@type":"Organization","@id":"https:\/\/www.closdeslandes.fr\/#organization","name":"Le Clos des Landes","url":"https:\/\/www.closdeslandes.fr\/","logo":{"@type":"ImageObject","inLanguage":"en-US","@id":"https:\/\/www.closdeslandes.fr\/#\/schema\/logo\/image\/","url":"https:\/\/www.closdeslandes.fr\/wp-content\/uploads\/2024\/05\/favico.png","contentUrl":"https:\/\/www.closdeslandes.fr\/wp-content\/uploads\/2024\/05\/favico.png","width":512,"height":512,"caption":"Le Clos des Landes"},"image":{"@id":"https:\/\/www.closdeslandes.fr\/#\/schema\/logo\/image\/"}}]}},"_links":{"self":[{"href":"https:\/\/www.closdeslandes.fr\/en\/wp-json\/wp\/v2\/pages\/167","targetHints":{"allow":["GET"]}}],"collection":[{"href":"https:\/\/www.closdeslandes.fr\/en\/wp-json\/wp\/v2\/pages"}],"about":[{"href":"https:\/\/www.closdeslandes.fr\/en\/wp-json\/wp\/v2\/types\/page"}],"author":[{"embeddable":true,"href":"https:\/\/www.closdeslandes.fr\/en\/wp-json\/wp\/v2\/users\/1"}],"replies":[{"embeddable":true,"href":"https:\/\/www.closdeslandes.fr\/en\/wp-json\/wp\/v2\/comments?post=167"}],"version-history":[{"count":10,"href":"https:\/\/www.closdeslandes.fr\/en\/wp-json\/wp\/v2\/pages\/167\/revisions"}],"predecessor-version":[{"id":455,"href":"https:\/\/www.closdeslandes.fr\/en\/wp-json\/wp\/v2\/pages\/167\/revisions\/455"}],"wp:featuredmedia":[{"embeddable":true,"href":"https:\/\/www.closdeslandes.fr\/en\/wp-json\/wp\/v2\/media\/176"}],"wp:attachment":[{"href":"https:\/\/www.closdeslandes.fr\/en\/wp-json\/wp\/v2\/media?parent=167"}],"wp:term":[{"taxonomy":"folder","embeddable":true,"href":"https:\/\/www.closdeslandes.fr\/en\/wp-json\/wp\/v2\/folder?post=167"}],"curies":[{"name":"wp","href":"https:\/\/api.w.org\/{rel}","templated":true}]}}