{"id":149,"date":"2024-05-23T18:41:32","date_gmt":"2024-05-23T18:41:32","guid":{"rendered":"https:\/\/www.closdeslandes.fr\/?page_id=149"},"modified":"2024-07-11T10:18:53","modified_gmt":"2024-07-11T10:18:53","slug":"jardin-serenite-nature-clos-landes","status":"publish","type":"page","link":"https:\/\/www.closdeslandes.fr\/en\/jardin-serenite-nature-clos-landes\/","title":{"rendered":"Le Jardin du Clos des Landes"},"content":{"rendered":"<div class=\"flex flex-grow flex-col max-w-full\">\n<div class=\"min-h-[20px] text-message flex flex-col items-start whitespace-pre-wrap break-words [.text-message+&amp;]:mt-5 juice:w-full juice:items-end overflow-x-auto gap-2\" dir=\"auto\" data-message-author-role=\"assistant\" data-message-id=\"f426dcfb-cc36-4b38-84c6-54b3d1e5b92f\">\n<div class=\"flex w-full flex-col gap-1 juice:empty:hidden juice:first:pt-[3px]\">\n<div class=\"markdown prose w-full break-words dark:prose-invert light\">\n<p>Le Clos des Landes est situ\u00e9 sur un terrain de 3 hectares, qui en fait un v\u00e9ritable havre de paix. Les espaces autour de la maison ont \u00e9t\u00e9 am\u00e9nag\u00e9s avec une grande terrasse ensoleill\u00e9e, un pr\u00e9 fleuri, et un trampoline. Plus loin, la nature reprend ses droits dans le verger et les sous-bois.<\/p>\n<\/div>\n<\/div>\n<\/div>\n<\/div>\n","protected":false},"excerpt":{"rendered":"<p>Le Clos des Landes est situ\u00e9 sur un terrain de 3 hectares, qui en fait un v\u00e9ritable havre de paix. Les espaces autour de la maison ont \u00e9t\u00e9 am\u00e9nag\u00e9s avec une grande terrasse ensoleill\u00e9e, un pr\u00e9 fleuri, et un trampoline. Plus loin, la nature reprend ses droits dans le verger et les sous-bois.<\/p>\n","protected":false},"author":1,"featured_media":146,"parent":0,"menu_order":0,"comment_status":"open","ping_status":"open","template":"","meta":{"footnotes":""},"folder":[],"class_list":["post-149","page","type-page","status-publish","has-post-thumbnail","hentry"],"yoast_head":"<!-- This site is optimized with the Yoast SEO plugin v25.7 - https:\/\/yoast.com\/wordpress\/plugins\/seo\/ -->\n<title>Le Jardin du Clos des Landes - Le Clos des Landes<\/title>\n<meta name=\"description\" content=\"D\u00e9couvrez la beaut\u00e9 naturelle et la s\u00e9r\u00e9nit\u00e9 des ext\u00e9rieurs du Clos des Landes. Promenez-vous dans ses jardins verdoyants, laissez-vous charmer par la tranquillit\u00e9 de cet havre de paix .\" \/>\n<meta name=\"robots\" content=\"index, follow, max-snippet:-1, max-image-preview:large, max-video-preview:-1\" \/>\n<link rel=\"canonical\" href=\"https:\/\/www.closdeslandes.fr\/en\/jardin-serenite-nature-clos-landes\/\" \/>\n<meta property=\"og:locale\" content=\"en_US\" \/>\n<meta property=\"og:locale:alternate\" content=\"fr_FR\" \/>\n<meta property=\"og:type\" content=\"article\" \/>\n<meta property=\"og:title\" content=\"Le Jardin du Clos des Landes - Le Clos des Landes\" \/>\n<meta property=\"og:description\" content=\"D\u00e9couvrez la beaut\u00e9 naturelle et la s\u00e9r\u00e9nit\u00e9 des ext\u00e9rieurs du Clos des Landes. Promenez-vous dans ses jardins verdoyants, laissez-vous charmer par la tranquillit\u00e9 de cet havre de paix .\" \/>\n<meta property=\"og:url\" content=\"https:\/\/www.closdeslandes.fr\/en\/jardin-serenite-nature-clos-landes\/\" \/>\n<meta property=\"og:site_name\" content=\"Le Clos des Landes\" \/>\n<meta property=\"article:modified_time\" content=\"2024-07-11T10:18:53+00:00\" \/>\n<meta property=\"og:image\" content=\"https:\/\/www.closdeslandes.fr\/wp-content\/uploads\/2024\/05\/IMG-20240413-WA0006.jpg\" \/>\n\t<meta property=\"og:image:width\" content=\"2000\" \/>\n\t<meta property=\"og:image:height\" content=\"1125\" \/>\n\t<meta property=\"og:image:type\" content=\"image\/jpeg\" \/>\n<meta name=\"twitter:card\" content=\"summary_large_image\" \/>\n<meta name=\"twitter:label1\" content=\"Est. reading time\" \/>\n\t<meta name=\"twitter:data1\" content=\"1 minute\" \/>\n<script type=\"application\/ld+json\" class=\"yoast-schema-graph\">{\"@context\":\"https:\/\/schema.org\",\"@graph\":[{\"@type\":\"WebPage\",\"@id\":\"https:\/\/www.closdeslandes.fr\/jardin-serenite-nature-clos-landes\/\",\"url\":\"https:\/\/www.closdeslandes.fr\/jardin-serenite-nature-clos-landes\/\",\"name\":\"Le Jardin du Clos des Landes - Le Clos des Landes\",\"isPartOf\":{\"@id\":\"https:\/\/www.closdeslandes.fr\/#website\"},\"primaryImageOfPage\":{\"@id\":\"https:\/\/www.closdeslandes.fr\/jardin-serenite-nature-clos-landes\/#primaryimage\"},\"image\":{\"@id\":\"https:\/\/www.closdeslandes.fr\/jardin-serenite-nature-clos-landes\/#primaryimage\"},\"thumbnailUrl\":\"https:\/\/www.closdeslandes.fr\/wp-content\/uploads\/2024\/05\/IMG-20240413-WA0006.jpg\",\"datePublished\":\"2024-05-23T18:41:32+00:00\",\"dateModified\":\"2024-07-11T10:18:53+00:00\",\"description\":\"D\u00e9couvrez la beaut\u00e9 naturelle et la s\u00e9r\u00e9nit\u00e9 des ext\u00e9rieurs du Clos des Landes. Promenez-vous dans ses jardins verdoyants, laissez-vous charmer par la tranquillit\u00e9 de cet havre de paix .\",\"breadcrumb\":{\"@id\":\"https:\/\/www.closdeslandes.fr\/jardin-serenite-nature-clos-landes\/#breadcrumb\"},\"inLanguage\":\"en-US\",\"potentialAction\":[{\"@type\":\"ReadAction\",\"target\":[\"https:\/\/www.closdeslandes.fr\/jardin-serenite-nature-clos-landes\/\"]}]},{\"@type\":\"ImageObject\",\"inLanguage\":\"en-US\",\"@id\":\"https:\/\/www.closdeslandes.fr\/jardin-serenite-nature-clos-landes\/#primaryimage\",\"url\":\"https:\/\/www.closdeslandes.fr\/wp-content\/uploads\/2024\/05\/IMG-20240413-WA0006.jpg\",\"contentUrl\":\"https:\/\/www.closdeslandes.fr\/wp-content\/uploads\/2024\/05\/IMG-20240413-WA0006.jpg\",\"width\":2000,\"height\":1125},{\"@type\":\"BreadcrumbList\",\"@id\":\"https:\/\/www.closdeslandes.fr\/jardin-serenite-nature-clos-landes\/#breadcrumb\",\"itemListElement\":[{\"@type\":\"ListItem\",\"position\":1,\"name\":\"Home\",\"item\":\"https:\/\/www.closdeslandes.fr\/\"},{\"@type\":\"ListItem\",\"position\":2,\"name\":\"Le Jardin du Clos des Landes\"}]},{\"@type\":\"WebSite\",\"@id\":\"https:\/\/www.closdeslandes.fr\/#website\",\"url\":\"https:\/\/www.closdeslandes.fr\/\",\"name\":\"Le Clos des Landes\",\"description\":\"\",\"publisher\":{\"@id\":\"https:\/\/www.closdeslandes.fr\/#organization\"},\"potentialAction\":[{\"@type\":\"SearchAction\",\"target\":{\"@type\":\"EntryPoint\",\"urlTemplate\":\"https:\/\/www.closdeslandes.fr\/?s={search_term_string}\"},\"query-input\":{\"@type\":\"PropertyValueSpecification\",\"valueRequired\":true,\"valueName\":\"search_term_string\"}}],\"inLanguage\":\"en-US\"},{\"@type\":\"Organization\",\"@id\":\"https:\/\/www.closdeslandes.fr\/#organization\",\"name\":\"Le Clos des Landes\",\"url\":\"https:\/\/www.closdeslandes.fr\/\",\"logo\":{\"@type\":\"ImageObject\",\"inLanguage\":\"en-US\",\"@id\":\"https:\/\/www.closdeslandes.fr\/#\/schema\/logo\/image\/\",\"url\":\"https:\/\/www.closdeslandes.fr\/wp-content\/uploads\/2024\/05\/favico.png\",\"contentUrl\":\"https:\/\/www.closdeslandes.fr\/wp-content\/uploads\/2024\/05\/favico.png\",\"width\":512,\"height\":512,\"caption\":\"Le Clos des Landes\"},\"image\":{\"@id\":\"https:\/\/www.closdeslandes.fr\/#\/schema\/logo\/image\/\"}}]}<\/script>\n<!-- \/ Yoast SEO plugin. -->","yoast_head_json":{"title":"Le Jardin du Clos des Landes - Le Clos des Landes","description":"D\u00e9couvrez la beaut\u00e9 naturelle et la s\u00e9r\u00e9nit\u00e9 des ext\u00e9rieurs du Clos des Landes. Promenez-vous dans ses jardins verdoyants, laissez-vous charmer par la tranquillit\u00e9 de cet havre de paix .","robots":{"index":"index","follow":"follow","max-snippet":"max-snippet:-1","max-image-preview":"max-image-preview:large","max-video-preview":"max-video-preview:-1"},"canonical":"https:\/\/www.closdeslandes.fr\/en\/jardin-serenite-nature-clos-landes\/","og_locale":"en_US","og_type":"article","og_title":"Le Jardin du Clos des Landes - Le Clos des Landes","og_description":"D\u00e9couvrez la beaut\u00e9 naturelle et la s\u00e9r\u00e9nit\u00e9 des ext\u00e9rieurs du Clos des Landes. Promenez-vous dans ses jardins verdoyants, laissez-vous charmer par la tranquillit\u00e9 de cet havre de paix .","og_url":"https:\/\/www.closdeslandes.fr\/en\/jardin-serenite-nature-clos-landes\/","og_site_name":"Le Clos des Landes","article_modified_time":"2024-07-11T10:18:53+00:00","og_image":[{"width":2000,"height":1125,"url":"https:\/\/www.closdeslandes.fr\/wp-content\/uploads\/2024\/05\/IMG-20240413-WA0006.jpg","type":"image\/jpeg"}],"twitter_card":"summary_large_image","twitter_misc":{"Est. reading time":"1 minute"},"schema":{"@context":"https:\/\/schema.org","@graph":[{"@type":"WebPage","@id":"https:\/\/www.closdeslandes.fr\/jardin-serenite-nature-clos-landes\/","url":"https:\/\/www.closdeslandes.fr\/jardin-serenite-nature-clos-landes\/","name":"Le Jardin du Clos des Landes - Le Clos des Landes","isPartOf":{"@id":"https:\/\/www.closdeslandes.fr\/#website"},"primaryImageOfPage":{"@id":"https:\/\/www.closdeslandes.fr\/jardin-serenite-nature-clos-landes\/#primaryimage"},"image":{"@id":"https:\/\/www.closdeslandes.fr\/jardin-serenite-nature-clos-landes\/#primaryimage"},"thumbnailUrl":"https:\/\/www.closdeslandes.fr\/wp-content\/uploads\/2024\/05\/IMG-20240413-WA0006.jpg","datePublished":"2024-05-23T18:41:32+00:00","dateModified":"2024-07-11T10:18:53+00:00","description":"D\u00e9couvrez la beaut\u00e9 naturelle et la s\u00e9r\u00e9nit\u00e9 des ext\u00e9rieurs du Clos des Landes. Promenez-vous dans ses jardins verdoyants, laissez-vous charmer par la tranquillit\u00e9 de cet havre de paix .","breadcrumb":{"@id":"https:\/\/www.closdeslandes.fr\/jardin-serenite-nature-clos-landes\/#breadcrumb"},"inLanguage":"en-US","potentialAction":[{"@type":"ReadAction","target":["https:\/\/www.closdeslandes.fr\/jardin-serenite-nature-clos-landes\/"]}]},{"@type":"ImageObject","inLanguage":"en-US","@id":"https:\/\/www.closdeslandes.fr\/jardin-serenite-nature-clos-landes\/#primaryimage","url":"https:\/\/www.closdeslandes.fr\/wp-content\/uploads\/2024\/05\/IMG-20240413-WA0006.jpg","contentUrl":"https:\/\/www.closdeslandes.fr\/wp-content\/uploads\/2024\/05\/IMG-20240413-WA0006.jpg","width":2000,"height":1125},{"@type":"BreadcrumbList","@id":"https:\/\/www.closdeslandes.fr\/jardin-serenite-nature-clos-landes\/#breadcrumb","itemListElement":[{"@type":"ListItem","position":1,"name":"Home","item":"https:\/\/www.closdeslandes.fr\/"},{"@type":"ListItem","position":2,"name":"Le Jardin du Clos des Landes"}]},{"@type":"WebSite","@id":"https:\/\/www.closdeslandes.fr\/#website","url":"https:\/\/www.closdeslandes.fr\/","name":"Le Clos des Landes","description":"","publisher":{"@id":"https:\/\/www.closdeslandes.fr\/#organization"},"potentialAction":[{"@type":"SearchAction","target":{"@type":"EntryPoint","urlTemplate":"https:\/\/www.closdeslandes.fr\/?s={search_term_string}"},"query-input":{"@type":"PropertyValueSpecification","valueRequired":true,"valueName":"search_term_string"}}],"inLanguage":"en-US"},{"@type":"Organization","@id":"https:\/\/www.closdeslandes.fr\/#organization","name":"Le Clos des Landes","url":"https:\/\/www.closdeslandes.fr\/","logo":{"@type":"ImageObject","inLanguage":"en-US","@id":"https:\/\/www.closdeslandes.fr\/#\/schema\/logo\/image\/","url":"https:\/\/www.closdeslandes.fr\/wp-content\/uploads\/2024\/05\/favico.png","contentUrl":"https:\/\/www.closdeslandes.fr\/wp-content\/uploads\/2024\/05\/favico.png","width":512,"height":512,"caption":"Le Clos des Landes"},"image":{"@id":"https:\/\/www.closdeslandes.fr\/#\/schema\/logo\/image\/"}}]}},"_links":{"self":[{"href":"https:\/\/www.closdeslandes.fr\/en\/wp-json\/wp\/v2\/pages\/149","targetHints":{"allow":["GET"]}}],"collection":[{"href":"https:\/\/www.closdeslandes.fr\/en\/wp-json\/wp\/v2\/pages"}],"about":[{"href":"https:\/\/www.closdeslandes.fr\/en\/wp-json\/wp\/v2\/types\/page"}],"author":[{"embeddable":true,"href":"https:\/\/www.closdeslandes.fr\/en\/wp-json\/wp\/v2\/users\/1"}],"replies":[{"embeddable":true,"href":"https:\/\/www.closdeslandes.fr\/en\/wp-json\/wp\/v2\/comments?post=149"}],"version-history":[{"count":4,"href":"https:\/\/www.closdeslandes.fr\/en\/wp-json\/wp\/v2\/pages\/149\/revisions"}],"predecessor-version":[{"id":404,"href":"https:\/\/www.closdeslandes.fr\/en\/wp-json\/wp\/v2\/pages\/149\/revisions\/404"}],"wp:featuredmedia":[{"embeddable":true,"href":"https:\/\/www.closdeslandes.fr\/en\/wp-json\/wp\/v2\/media\/146"}],"wp:attachment":[{"href":"https:\/\/www.closdeslandes.fr\/en\/wp-json\/wp\/v2\/media?parent=149"}],"wp:term":[{"taxonomy":"folder","embeddable":true,"href":"https:\/\/www.closdeslandes.fr\/en\/wp-json\/wp\/v2\/folder?post=149"}],"curies":[{"name":"wp","href":"https:\/\/api.w.org\/{rel}","templated":true}]}}